{"id":933,"date":"2023-08-14T14:58:18","date_gmt":"2023-08-14T14:58:18","guid":{"rendered":"https:\/\/textilcorp.cl\/request-quote\/"},"modified":"2023-08-14T18:32:58","modified_gmt":"2023-08-14T18:32:58","slug":"request-quote","status":"publish","type":"page","link":"https:\/\/mariohaddad.cl\/corporativo\/request-quote\/","title":{"rendered":"Request a Quote"},"content":{"rendered":"<div class=\"row\"  id=\"row-1474294679\">\n\n\t<div id=\"col-1863691799\" class=\"col medium-2 small-12 large-2\"  >\n\t\t\t\t<div class=\"col-inner\"  >\n\t\t\t\n\t\t\t\n\t\t<\/div>\n\t\t\t\t\t<\/div>\n\n\t\n\n\t<div id=\"col-1787111204\" class=\"col medium-8 small-12 large-8\"  >\n\t\t\t\t<div class=\"col-inner\"  >\n\t\t\t\n\t\t\t\n\n<div class=\"woocommerce ywraq-wrapper ywraq-empty\">\n\t\t\t<div id=\"yith-ywraq-message\"><div class=\"ywraq-question-message\">\n\t<\/div>\n<\/div>\n\t\t\n\t\t\t\t<div class=\"ywraq-form-table-wrapper wide\">\n\t\t\t<div class=\"ywraq-before-form\">\n\t<p class=\"ywraq_list_empty_message\">Tu lista est\u00e1 vac\u00eda, a\u00f1ade productos a la lista para enviar una solicitud<p><p class=\"return-to-shop\"><a class=\"button wc-backward\" href=\"https:\/\/mariohaddad.cl\/corporativo\/tienda\/\">Volver a la tienda<\/a><\/p><\/div>\n\t\t\t\t\t<\/div>\n\t<\/div>\n\n\t\t<\/div>\n\t\t\t\t\t<\/div>\n\n\t\n\n\t<div id=\"col-1342023179\" class=\"col medium-2 small-12 large-2\"  >\n\t\t\t\t<div class=\"col-inner\"  >\n\t\t\t\n\t\t\t\n\t\t<\/div>\n\t\t\t\t\t<\/div>\n\n\t\n<\/div>\n","protected":false},"excerpt":{"rendered":"","protected":false},"author":1,"featured_media":0,"parent":0,"menu_order":0,"comment_status":"closed","ping_status":"closed","template":"","meta":{"_joinchat":[],"footnotes":""},"class_list":["post-933","page","type-page","status-publish","hentry"],"_links":{"self":[{"href":"https:\/\/mariohaddad.cl\/corporativo\/wp-json\/wp\/v2\/pages\/933","targetHints":{"allow":["GET"]}}],"collection":[{"href":"https:\/\/mariohaddad.cl\/corporativo\/wp-json\/wp\/v2\/pages"}],"about":[{"href":"https:\/\/mariohaddad.cl\/corporativo\/wp-json\/wp\/v2\/types\/page"}],"author":[{"embeddable":true,"href":"https:\/\/mariohaddad.cl\/corporativo\/wp-json\/wp\/v2\/users\/1"}],"replies":[{"embeddable":true,"href":"https:\/\/mariohaddad.cl\/corporativo\/wp-json\/wp\/v2\/comments?post=933"}],"version-history":[{"count":5,"href":"https:\/\/mariohaddad.cl\/corporativo\/wp-json\/wp\/v2\/pages\/933\/revisions"}],"predecessor-version":[{"id":944,"href":"https:\/\/mariohaddad.cl\/corporativo\/wp-json\/wp\/v2\/pages\/933\/revisions\/944"}],"wp:attachment":[{"href":"https:\/\/mariohaddad.cl\/corporativo\/wp-json\/wp\/v2\/media?parent=933"}],"curies":[{"name":"wp","href":"https:\/\/api.w.org\/{rel}","templated":true}]}}