{"id":339,"date":"2023-02-23T14:12:38","date_gmt":"2023-02-23T14:12:38","guid":{"rendered":"https:\/\/oxwear.com\/v2\/?post_type=product&#038;p=339"},"modified":"2023-08-02T20:28:24","modified_gmt":"2023-08-02T20:28:24","slug":"polera-work-dry-hombre-manga-corta","status":"publish","type":"product","link":"https:\/\/mariohaddad.cl\/corporativo\/product\/polera-work-dry-hombre-manga-corta\/","title":{"rendered":"POLERA WORK DRY HOMBRE MANGA CORTA"},"content":{"rendered":"<p>Polera de manga corta, dise\u00f1ada con tecnolog\u00eda \u00abh\u00edbrida\u00bb. Prenda que nos entrega una fusi\u00f3n perfecta, para el cuidado de tu piel gracias a su composici\u00f3n de algod\u00f3n en el interior y poli\u00e9ster en el exterior. Confecci\u00f3n que\u00a0 permite a tu cuerpo liberar la transpiraci\u00f3n, evitando la sensaci\u00f3n de humedad. Combina elementos de alta visibilidad lo que la hace perfecta, para desarrollar trabajos en exterior, ya que posee cintas reflectivas termo selladas de 5 cm de ancho.<\/p>\n","protected":false},"excerpt":{"rendered":"<div id=\"product-description-short-4836\">\n<p>Su dise\u00f1o presenta alta preocupaci\u00f3n de detalles y comodidad para tus largas jornadas laborales, entregando la mejor combinaci\u00f3n entre calidad y confort.<\/p>\n<\/div>\n<div class=\"product-actions\">\n<form id=\"add-to-cart-or-refresh\" action=\"https:\/\/www.texora.cl\/carrito\" method=\"post\">\n<div class=\"product-variants\">\n<div class=\"clearfix product-variants-item\"><\/div>\n<\/div>\n<\/form>\n<\/div>\n","protected":false},"featured_media":340,"comment_status":"open","ping_status":"closed","template":"","meta":{"_joinchat":[]},"product_brand":[],"product_cat":[96],"product_tag":[],"class_list":{"0":"post-339","1":"product","2":"type-product","3":"status-publish","4":"has-post-thumbnail","6":"product_cat-ropa-corporativa","8":"first","9":"instock","10":"shipping-taxable","11":"product-type-simple"},"_links":{"self":[{"href":"https:\/\/mariohaddad.cl\/corporativo\/wp-json\/wp\/v2\/product\/339","targetHints":{"allow":["GET"]}}],"collection":[{"href":"https:\/\/mariohaddad.cl\/corporativo\/wp-json\/wp\/v2\/product"}],"about":[{"href":"https:\/\/mariohaddad.cl\/corporativo\/wp-json\/wp\/v2\/types\/product"}],"replies":[{"embeddable":true,"href":"https:\/\/mariohaddad.cl\/corporativo\/wp-json\/wp\/v2\/comments?post=339"}],"wp:featuredmedia":[{"embeddable":true,"href":"https:\/\/mariohaddad.cl\/corporativo\/wp-json\/wp\/v2\/media\/340"}],"wp:attachment":[{"href":"https:\/\/mariohaddad.cl\/corporativo\/wp-json\/wp\/v2\/media?parent=339"}],"wp:term":[{"taxonomy":"product_brand","embeddable":true,"href":"https:\/\/mariohaddad.cl\/corporativo\/wp-json\/wp\/v2\/product_brand?post=339"},{"taxonomy":"product_cat","embeddable":true,"href":"https:\/\/mariohaddad.cl\/corporativo\/wp-json\/wp\/v2\/product_cat?post=339"},{"taxonomy":"product_tag","embeddable":true,"href":"https:\/\/mariohaddad.cl\/corporativo\/wp-json\/wp\/v2\/product_tag?post=339"}],"curies":[{"name":"wp","href":"https:\/\/api.w.org\/{rel}","templated":true}]}}