{"id":346,"date":"2023-02-23T14:21:20","date_gmt":"2023-02-23T14:21:20","guid":{"rendered":"https:\/\/oxwear.com\/v2\/?post_type=product&#038;p=346"},"modified":"2023-08-14T14:20:52","modified_gmt":"2023-08-14T14:20:52","slug":"parka-secuoya-3-en-1-desmontable-hombre","status":"publish","type":"product","link":"https:\/\/mariohaddad.cl\/corporativo\/product\/parka-secuoya-3-en-1-desmontable-hombre\/","title":{"rendered":"PARKA SECUOYA 3 EN 1 DESMONTABLE HOMBRE"},"content":{"rendered":"<h3>Descripci\u00f3n<\/h3>\n<p>Parka Secuoya 3 en 1 Desmontable para Hombre, dise\u00f1ada para ofrecer una m\u00e1xima protecci\u00f3n en condiciones h\u00famedas, combina protecci\u00f3n y comodidad en un solo producto, ideal para el uso diario. Cuenta con gorro y forro desmontable, pu\u00f1os con ajuste para evitar el paso del fri\u00f3 y ventilaci\u00f3n lateral. Posee detalles reflectivos en brazo y pecho, ademas de contar con bolsillos delanteros e interiores con cierres a prueba de agua para guardar elementos peque\u00f1os si lo desea.<\/p>\n<h3>Especificaciones del producto<\/h3>\n<p>Calce: Regular<\/p>\n<p>Composici\u00f3n: 100% Nylon<\/p>\n<h3>Aplicaciones del producto<\/h3>\n<p>Publicitario, Industria ligera y log\u00edstica, Administrativo.<\/p>\n","protected":false},"excerpt":{"rendered":"<p>Parka Secuoya T\u00e9rmica\u00a0con costuras totalmente selladas excepcional capacidad de abrigo sin ser pesada ni voluminosa. Con buen nivel de impermeabilidad y transpirabilidad.<\/p>\n","protected":false},"featured_media":347,"comment_status":"open","ping_status":"closed","template":"","meta":{"_joinchat":[]},"product_brand":[],"product_cat":[97],"product_tag":[],"class_list":{"0":"post-346","1":"product","2":"type-product","3":"status-publish","4":"has-post-thumbnail","6":"product_cat-ropa-de-trabajo","8":"first","9":"instock","10":"shipping-taxable","11":"product-type-simple"},"_links":{"self":[{"href":"https:\/\/mariohaddad.cl\/corporativo\/wp-json\/wp\/v2\/product\/346","targetHints":{"allow":["GET"]}}],"collection":[{"href":"https:\/\/mariohaddad.cl\/corporativo\/wp-json\/wp\/v2\/product"}],"about":[{"href":"https:\/\/mariohaddad.cl\/corporativo\/wp-json\/wp\/v2\/types\/product"}],"replies":[{"embeddable":true,"href":"https:\/\/mariohaddad.cl\/corporativo\/wp-json\/wp\/v2\/comments?post=346"}],"wp:featuredmedia":[{"embeddable":true,"href":"https:\/\/mariohaddad.cl\/corporativo\/wp-json\/wp\/v2\/media\/347"}],"wp:attachment":[{"href":"https:\/\/mariohaddad.cl\/corporativo\/wp-json\/wp\/v2\/media?parent=346"}],"wp:term":[{"taxonomy":"product_brand","embeddable":true,"href":"https:\/\/mariohaddad.cl\/corporativo\/wp-json\/wp\/v2\/product_brand?post=346"},{"taxonomy":"product_cat","embeddable":true,"href":"https:\/\/mariohaddad.cl\/corporativo\/wp-json\/wp\/v2\/product_cat?post=346"},{"taxonomy":"product_tag","embeddable":true,"href":"https:\/\/mariohaddad.cl\/corporativo\/wp-json\/wp\/v2\/product_tag?post=346"}],"curies":[{"name":"wp","href":"https:\/\/api.w.org\/{rel}","templated":true}]}}